{"id":8125,"date":"2023-04-12T16:28:10","date_gmt":"2023-04-12T14:28:10","guid":{"rendered":"https:\/\/specialcoffee.cz\/store\/?post_type=product&#038;p=8125"},"modified":"2024-11-10T04:09:03","modified_gmt":"2024-11-10T03:09:03","slug":"spinel-jessica-2p-cerna-pouzity","status":"publish","type":"product","link":"https:\/\/specialcoffee.cz\/store\/produkt\/spinel-jessica-2p-cerna-pouzity\/","title":{"rendered":"Spinel Jessica 2P. \u010cern\u00e1 &#8220;Pou\u017eit\u00fd&#8221;"},"content":{"rendered":"<p>Jessica je nov\u00fd profesion\u00e1ln\u00ed k\u00e1vovar na espresso, kter\u00fd je v\u00fdsledkem konsolidovan\u00fdch zku\u0161enost\u00ed spole\u010dnosti Spinel s v\u00fdrobou a marketingem porcovan\u00fdch k\u00e1vovar\u016f.<\/p>\n<p>Speci\u00e1ln\u011b navr\u017een\u00fd pro masovou spot\u0159ebu se vyzna\u010duje inovativn\u00edm a podmaniv\u00fdm designem s m\u011bkk\u00fdmi a podmaniv\u00fdmi liniemi: koncentrace sv\u016fdnosti, profesionality a technologie.<\/p>\n<p>Vybaveno mosazn\u00fdmi jednotkami na v\u00fdm\u011bnu k\u00e1vy s nez\u00e1visl\u00fdm zapalov\u00e1n\u00edm a nerezov\u00fdm bojlerem (1\/2\/5 litru v z\u00e1vislosti na verzi) pro v\u00fdrobu a v\u00fddej p\u00e1ry a hork\u00e9 vody. Extr\u00e9mn\u00ed modularita zaru\u010duje flexibilitu, \u00faspory ve spot\u0159eb\u011b elektrick\u00e9 energie, kontinuitu provozu i v p\u0159\u00edpad\u011b, \u017ee je jedna ze skupin odstavena z d\u016fvodu \u00fadr\u017eby. Ovl\u00e1dac\u00ed prvky, p\u00e1\u010dky a tla\u010d\u00edtka jsou na dosah ruky, snadno se ovl\u00e1daj\u00ed a pou\u017e\u00edvaj\u00ed. Jessica je k dispozici tak\u00e9 se 14 gramov\u00fdmi k\u00e1vov\u00fdmi skupinami pro dvojit\u00e9 kapsle.<\/p>\n<p>Impozantn\u00ed, robustn\u00ed, extr\u00e9mn\u011b spolehliv\u00fd, d\u00edky patentovan\u00e9mu samo\u010dist\u00edc\u00edmu hydraulick\u00e9mu syst\u00e9mu odstranil hlavn\u00ed p\u0159\u00ed\u010dinu ucp\u00e1n\u00ed k\u00e1vovar\u016f: vodn\u00ed k\u00e1men. Opot\u0159eben\u00ed mechanick\u00fdch \u010d\u00e1st\u00ed je omezeno horn\u00ed polohou uzav\u00edrac\u00edch p\u00e1k varn\u00e9 sestavy. Dokonce i \u00fadr\u017ebu a technick\u00e9 z\u00e1sahy usnad\u0148uj\u00ed konstruk\u010dn\u00ed vlastnosti tohoto klenotu technologie Made in Italy.<\/p>\n<p>Elektronick\u00e9 termostaty pro regulaci teploty n\u00e1levu, 5litrov\u00fd bojler, p\u0159edn\u00ed prospekt a zadn\u00ed panel z nerezov\u00e9 oceli, objemov\u00fd d\u00e1vkova\u010d pro automatick\u00e9 zastaven\u00ed v\u00fddeje, oh\u0159\u00edva\u010d \u0161\u00e1lk\u016f, p\u0159\u00edm\u00e9 p\u0159ipojen\u00ed na vodovod, cappuccinatore , syst\u00e9m kreditn\u00ed k\u00e1vy a mechanick\u00e9 po\u010d\u00edtadlo v\u00fdst\u0159el\u016f jsou voliteln\u00e9 na vy\u017e\u00e1d\u00e1n\u00ed. Standardem jsou velmi elegantn\u00ed bo\u010dnice pro ulo\u017een\u00ed ko\u0161\u00ed\u010dk\u016f.<\/p>\n<p>Jessica, ide\u00e1ln\u00ed pracovn\u00ed n\u00e1stroj pro bary, pizzerie, restaurace, j\u00eddelny a restaurace rychl\u00e9ho ob\u010derstven\u00ed, m\u00e1 pro n\u00e1s p\u0159ipraveno je\u0161t\u011b jedno p\u0159ekvapen\u00ed, absolutn\u00ed novinku v oboru: JJ Hybrid. V z\u00e1vislosti na modelech m\u016f\u017ee b\u00fdt konfigurov\u00e1n se skupinou kapsl\u00ed a dv\u011bma skupinami k\u00e1vov\u00fdch kapsl\u00ed (7\/14 g), se dv\u011bma skupinami kapsl\u00ed a skupinou kapsl\u00ed, se skupinou kapsl\u00ed a druhou skupinou kapsl\u00ed: optim\u00e1ln\u00ed kombinace\u2026 je ponech\u00e1no na volb\u011b a pot\u0159eb\u00e1ch z\u00e1kazn\u00edka!<\/p>\n","protected":false},"excerpt":{"rendered":"<p><strong>SPINEL JESSICA<\/strong><\/p>\n<p>IDE\u00c1LN\u00cd \u0158E\u0160EN\u00cd PRO HO.RE.CA.<\/p>\n","protected":false},"featured_media":8127,"comment_status":"open","ping_status":"closed","template":"","meta":[],"etheme_brands":[],"product_cat":[89,94],"product_tag":[],"class_list":{"0":"post-8125","1":"product","2":"type-product","3":"status-publish","4":"has-post-thumbnail","6":"product_cat-kavovary","7":"product_cat-bazar","9":"first","10":"instock","11":"taxable","12":"shipping-taxable","13":"purchasable","14":"product-type-simple"},"_links":{"self":[{"href":"https:\/\/specialcoffee.cz\/store\/wp-json\/wp\/v2\/product\/8125","targetHints":{"allow":["GET"]}}],"collection":[{"href":"https:\/\/specialcoffee.cz\/store\/wp-json\/wp\/v2\/product"}],"about":[{"href":"https:\/\/specialcoffee.cz\/store\/wp-json\/wp\/v2\/types\/product"}],"replies":[{"embeddable":true,"href":"https:\/\/specialcoffee.cz\/store\/wp-json\/wp\/v2\/comments?post=8125"}],"version-history":[{"count":4,"href":"https:\/\/specialcoffee.cz\/store\/wp-json\/wp\/v2\/product\/8125\/revisions"}],"predecessor-version":[{"id":8332,"href":"https:\/\/specialcoffee.cz\/store\/wp-json\/wp\/v2\/product\/8125\/revisions\/8332"}],"wp:featuredmedia":[{"embeddable":true,"href":"https:\/\/specialcoffee.cz\/store\/wp-json\/wp\/v2\/media\/8127"}],"wp:attachment":[{"href":"https:\/\/specialcoffee.cz\/store\/wp-json\/wp\/v2\/media?parent=8125"}],"wp:term":[{"taxonomy":"brand","embeddable":true,"href":"https:\/\/specialcoffee.cz\/store\/wp-json\/wp\/v2\/etheme_brands?post=8125"},{"taxonomy":"product_cat","embeddable":true,"href":"https:\/\/specialcoffee.cz\/store\/wp-json\/wp\/v2\/product_cat?post=8125"},{"taxonomy":"product_tag","embeddable":true,"href":"https:\/\/specialcoffee.cz\/store\/wp-json\/wp\/v2\/product_tag?post=8125"}],"curies":[{"name":"wp","href":"https:\/\/api.w.org\/{rel}","templated":true}]}}