{"id":8108,"date":"2023-04-12T15:28:36","date_gmt":"2023-04-12T13:28:36","guid":{"rendered":"https:\/\/specialcoffee.cz\/store\/?post_type=product&#038;p=8108"},"modified":"2024-11-10T03:10:12","modified_gmt":"2024-11-10T02:10:12","slug":"kalerm-k90l-cerna-pouzity","status":"publish","type":"product","link":"https:\/\/specialcoffee.cz\/store\/produkt\/kalerm-k90l-cerna-pouzity\/","title":{"rendered":"Kalerm K90L \u010cern\u00e1 &#8220;Pou\u017eit\u00fd&#8221;"},"content":{"rendered":"<p><img loading=\"lazy\" decoding=\"async\" class=\"alignnone size-medium wp-image-8114\" src=\"https:\/\/specialcoffee.cz\/store\/wp-content\/uploads\/2023\/04\/Schermata-del-2023-04-12-15-35-00-e1681306743821.png\" alt=\"\" width=\"730\" height=\"463\" srcset=\"https:\/\/specialcoffee.cz\/store\/wp-content\/uploads\/2023\/04\/Schermata-del-2023-04-12-15-35-00-e1681306743821.png 730w, https:\/\/specialcoffee.cz\/store\/wp-content\/uploads\/2023\/04\/Schermata-del-2023-04-12-15-35-00-e1681306743821-300x190.png 300w, https:\/\/specialcoffee.cz\/store\/wp-content\/uploads\/2023\/04\/Schermata-del-2023-04-12-15-35-00-e1681306743821-600x381.png 600w, https:\/\/specialcoffee.cz\/store\/wp-content\/uploads\/2023\/04\/Schermata-del-2023-04-12-15-35-00-e1681306743821-1x1.png 1w, https:\/\/specialcoffee.cz\/store\/wp-content\/uploads\/2023\/04\/Schermata-del-2023-04-12-15-35-00-e1681306743821-10x6.png 10w\" sizes=\"auto, (max-width: 730px) 100vw, 730px\" \/><\/p>\n","protected":false},"excerpt":{"rendered":"<p><strong>KALERM K90L<\/strong><\/p>\n<p>\u2022 Du\u00e1ln\u00ed \u010derpadlo a du\u00e1ln\u00ed topn\u00fd syst\u00e9m pro mnohem vy\u0161\u0161\u00ed \u00fa\u010dinnost<br \/>\n\u2022 Velk\u00e1 1kg n\u00e1doba na zrna<br \/>\n\u2022 Velk\u00e1 n\u00e1dr\u017e na vodu o objemu 6 l<br \/>\n\u2022 Integrovan\u00e1 velk\u00e1 z\u00e1kladna pro k\u00e1vovou sedlinu a odpadn\u00ed vodu<br \/>\n\u2022 P\u0159ipojen\u00ed vodovodn\u00ed vody<br \/>\n\u2022 3,5\u201d barevn\u00fd TFT dotykov\u00fd displej<br \/>\n\u2022 Dvojit\u00e9 v\u00fdvody k\u00e1vy a ml\u00e9ka a jeden dotyk pro dva \u0161\u00e1lky latte<br \/>\n\u2022 V\u00edce \u0161\u00e1lk\u016f najednou<\/p>\n","protected":false},"featured_media":8110,"comment_status":"open","ping_status":"closed","template":"","meta":[],"etheme_brands":[],"product_cat":[89,94],"product_tag":[],"class_list":{"0":"post-8108","1":"product","2":"type-product","3":"status-publish","4":"has-post-thumbnail","6":"product_cat-kavovary","7":"product_cat-bazar","9":"first","10":"instock","11":"taxable","12":"shipping-taxable","13":"purchasable","14":"product-type-simple"},"_links":{"self":[{"href":"https:\/\/specialcoffee.cz\/store\/wp-json\/wp\/v2\/product\/8108","targetHints":{"allow":["GET"]}}],"collection":[{"href":"https:\/\/specialcoffee.cz\/store\/wp-json\/wp\/v2\/product"}],"about":[{"href":"https:\/\/specialcoffee.cz\/store\/wp-json\/wp\/v2\/types\/product"}],"replies":[{"embeddable":true,"href":"https:\/\/specialcoffee.cz\/store\/wp-json\/wp\/v2\/comments?post=8108"}],"version-history":[{"count":5,"href":"https:\/\/specialcoffee.cz\/store\/wp-json\/wp\/v2\/product\/8108\/revisions"}],"predecessor-version":[{"id":8115,"href":"https:\/\/specialcoffee.cz\/store\/wp-json\/wp\/v2\/product\/8108\/revisions\/8115"}],"wp:featuredmedia":[{"embeddable":true,"href":"https:\/\/specialcoffee.cz\/store\/wp-json\/wp\/v2\/media\/8110"}],"wp:attachment":[{"href":"https:\/\/specialcoffee.cz\/store\/wp-json\/wp\/v2\/media?parent=8108"}],"wp:term":[{"taxonomy":"brand","embeddable":true,"href":"https:\/\/specialcoffee.cz\/store\/wp-json\/wp\/v2\/etheme_brands?post=8108"},{"taxonomy":"product_cat","embeddable":true,"href":"https:\/\/specialcoffee.cz\/store\/wp-json\/wp\/v2\/product_cat?post=8108"},{"taxonomy":"product_tag","embeddable":true,"href":"https:\/\/specialcoffee.cz\/store\/wp-json\/wp\/v2\/product_tag?post=8108"}],"curies":[{"name":"wp","href":"https:\/\/api.w.org\/{rel}","templated":true}]}}