{"id":8060,"date":"2023-04-11T12:39:25","date_gmt":"2023-04-11T10:39:25","guid":{"rendered":"https:\/\/specialcoffee.cz\/store\/?post_type=product&#038;p=8060"},"modified":"2026-04-25T00:39:13","modified_gmt":"2026-04-24T22:39:13","slug":"la-spaziale-s5-2p-cervena-pouzity","status":"publish","type":"product","link":"https:\/\/specialcoffee.cz\/store\/produkt\/la-spaziale-s5-2p-cervena-pouzity\/","title":{"rendered":"La Spaziale S5 2P. \u010cerven\u00e1 &#8220;Pou\u017eit\u00fd&#8221;"},"content":{"rendered":"","protected":false},"excerpt":{"rendered":"<p><strong>LA SPAZIALE S5<\/strong><\/p>\n","protected":false},"featured_media":8078,"comment_status":"open","ping_status":"closed","template":"","meta":[],"etheme_brands":[],"product_cat":[89,94],"product_tag":[],"class_list":{"0":"post-8060","1":"product","2":"type-product","3":"status-publish","4":"has-post-thumbnail","6":"product_cat-kavovary","7":"product_cat-bazar","9":"first","10":"instock","11":"taxable","12":"shipping-taxable","13":"purchasable","14":"product-type-simple"},"_links":{"self":[{"href":"https:\/\/specialcoffee.cz\/store\/wp-json\/wp\/v2\/product\/8060","targetHints":{"allow":["GET"]}}],"collection":[{"href":"https:\/\/specialcoffee.cz\/store\/wp-json\/wp\/v2\/product"}],"about":[{"href":"https:\/\/specialcoffee.cz\/store\/wp-json\/wp\/v2\/types\/product"}],"replies":[{"embeddable":true,"href":"https:\/\/specialcoffee.cz\/store\/wp-json\/wp\/v2\/comments?post=8060"}],"version-history":[{"count":6,"href":"https:\/\/specialcoffee.cz\/store\/wp-json\/wp\/v2\/product\/8060\/revisions"}],"predecessor-version":[{"id":8088,"href":"https:\/\/specialcoffee.cz\/store\/wp-json\/wp\/v2\/product\/8060\/revisions\/8088"}],"wp:featuredmedia":[{"embeddable":true,"href":"https:\/\/specialcoffee.cz\/store\/wp-json\/wp\/v2\/media\/8078"}],"wp:attachment":[{"href":"https:\/\/specialcoffee.cz\/store\/wp-json\/wp\/v2\/media?parent=8060"}],"wp:term":[{"taxonomy":"brand","embeddable":true,"href":"https:\/\/specialcoffee.cz\/store\/wp-json\/wp\/v2\/etheme_brands?post=8060"},{"taxonomy":"product_cat","embeddable":true,"href":"https:\/\/specialcoffee.cz\/store\/wp-json\/wp\/v2\/product_cat?post=8060"},{"taxonomy":"product_tag","embeddable":true,"href":"https:\/\/specialcoffee.cz\/store\/wp-json\/wp\/v2\/product_tag?post=8060"}],"curies":[{"name":"wp","href":"https:\/\/api.w.org\/{rel}","templated":true}]}}