{"id":7998,"date":"2023-04-06T11:07:08","date_gmt":"2023-04-06T09:07:08","guid":{"rendered":"https:\/\/specialcoffee.cz\/store\/?post_type=product&#038;p=7998"},"modified":"2026-03-20T14:38:32","modified_gmt":"2026-03-20T13:38:32","slug":"arabica-pods","status":"publish","type":"product","link":"https:\/\/specialcoffee.cz\/store\/produkt\/arabica-pods\/","title":{"rendered":"Espresso Pody &#8220;Arabica 50\/100\/150 ks&#8221;"},"content":{"rendered":"<p>Nejlep\u0161\u00ed okam\u017eik pro milovn\u00edka kvalitn\u00ed k\u00e1vy je ten, kter\u00fd se vyzna\u010duje t\u00edm, \u017ee ochutn\u00e1 \u0161\u00e1lek vynikaj\u00edc\u00ed k\u00e1vy Arabica: sladk\u00e1 a obklopuj\u00edc\u00ed chu\u0165, n\u011bkdy kysel\u00e1, kter\u00e1 zanech\u00e1v\u00e1 intenzivn\u00ed a trvalou dochu\u0165.<\/p>\n<p>D\u00edky t\u011bmto vlastnostem pat\u0159\u00ed odr\u016fda Arabica mezi ty nej\u017e\u00e1dan\u011bj\u0161\u00ed mezi pij\u00e1ky k\u00e1vy; pat\u0159\u00ed k vynikaj\u00edc\u00edm kvalit\u00e1m na trhu a je prakticky p\u00e1dn\u00fdm d\u016fvodem k pauze uprost\u0159ed dopoledne nebo i odpoledne, z\u00e1mince odhl\u00e9dnout od pap\u00edr\u016f, po\u010d\u00edta\u010d\u016f a z\u00e1kazn\u00edk\u016f a u\u017e\u00edt si chv\u00edle relaxace.<\/p>\n<p>Nechte se uchv\u00e1tit vo\u0148avou, sladkou a l\u00edbivou sm\u011bs\u00ed, schopnou poskytnout okam\u017eiky \u010dist\u00e9ho pot\u011b\u0161en\u00ed a pot\u011b\u0161it chu\u0165ov\u00e9 bu\u0148ky t\u011bch, kte\u0159\u00ed se bez denn\u00ed d\u00e1vky k\u00e1vy prost\u011b neobejdou!<\/p>\n<p>Sm\u011bs<br \/>\nArabica Blend nebo Arabica Coffee jsou term\u00edny hojn\u011b pou\u017e\u00edvan\u00e9 milovn\u00edky nejzn\u00e1m\u011bj\u0161\u00edho a nejroz\u0161\u00ed\u0159en\u011bj\u0161\u00edho n\u00e1poje na sv\u011bt\u011b. Pat\u0159\u00ed mezi nejoce\u0148ovan\u011bj\u0161\u00ed a nej\u017e\u00e1dan\u011bj\u0161\u00ed varianty, sv\u00fdmi vlastnostmi a chut\u00ed je natolik charakteristick\u00fd, \u017ee je obl\u00edben\u00fd u mnoha pij\u00e1k\u016f.<\/p>\n<p>Proto se Caff\u00e8 Aiello rozhodlo v\u011bnovat mu celou \u0159adu, ur\u010denou pro ty, kte\u0159\u00ed tou\u017e\u00ed z\u00edskat:<\/p>\n<p>vysoce kvalitn\u00ed k\u00e1va, kter\u00e1 napln\u00ed o\u010dek\u00e1v\u00e1n\u00ed;<br \/>\nnezam\u011bniteln\u00e1 chu\u0165, typick\u00e1 pro n\u00e1poj vyroben\u00fd pouze z vybran\u00fdch surovin;<br \/>\nsm\u011bs 100% arabiky, jej\u00ed\u017e slo\u017eky poch\u00e1zej\u00ed ze stejn\u00e9 rostliny.<br \/>\nPokud toto v\u0161e odpov\u00edd\u00e1 tomu, co jste hledali, pak je Arabica Blend od Caff\u00e8 Aiello to prav\u00e9 pro v\u00e1s! Nechte se uchv\u00e1tit jeho podmanivou v\u016fn\u00ed a vychutnejte si ho kdykoli b\u011bhem dne!<\/p>\n","protected":false},"excerpt":{"rendered":"<p><strong>ESPRESSO ESE PODY &#8220;100% ARABICA&#8221;<\/strong><\/p>\n<p>Krabice k\u00e1vov\u00fdch pod\u016f Arabica Caff\u00e8 Aiello obsahuj\u00edc\u00ed &#8220;50\/100\/150&#8221; jednotliv\u011b balen\u00fdch pod\u016f 100% Arabica.<\/p>\n<p>\u2713 Dokonal\u00e1 dochu\u0165, sladk\u00e1 a rafinovan\u00e1;<br \/>\n\u2713 Harmonick\u00e1 sm\u011bs;<br \/>\n\u2713 U\u0161lechtil\u00e1 chu\u0165 a jemn\u00e9 aroma.<\/p>\n<p>Nezam\u011bniteln\u00e9 vlastnosti, ur\u010den\u00e9 v\u0161em milovn\u00edk\u016fm k\u00e1vy.<\/p>\n<p>S n\u00e1kupem &#8220;50\/100\/150&#8221; pod\u016f, bezplatn\u00e1 sada obsahuj\u00edc\u00ed:<\/p>\n<p>&#8220;50\/100\/150&#8221; jednor\u00e1zov\u00fdch pap\u00edrov\u00fdch kel\u00edmk\u016f.<br \/>\n&#8220;50\/100\/150&#8221; jednor\u00e1zov\u00fdch d\u0159ev\u011bn\u00fdch nab\u011bra\u010dek.<br \/>\n&#8220;50\/100\/150&#8221; s\u00e1\u010dk\u016f cukru.<\/p>\n","protected":false},"featured_media":7999,"comment_status":"open","ping_status":"closed","template":"","meta":[],"etheme_brands":[{"term_id":117,"name":"Aiello","slug":"aiello","term_group":0,"term_taxonomy_id":117,"taxonomy":"brand","description":"","parent":0,"count":22,"filter":"raw"}],"product_cat":[86,88,82,85],"product_tag":[],"class_list":{"0":"post-7998","1":"product","2":"type-product","3":"status-publish","4":"has-post-thumbnail","6":"brand-aiello","7":"product_cat-do-kancelare","8":"product_cat-kapsle-a-pody-do-kancelare","9":"product_cat-kava-doma","10":"product_cat-kapsle-a-pody-kava-doma","12":"first","13":"outofstock","14":"taxable","15":"shipping-taxable","16":"purchasable","17":"product-type-variable"},"_links":{"self":[{"href":"https:\/\/specialcoffee.cz\/store\/wp-json\/wp\/v2\/product\/7998","targetHints":{"allow":["GET"]}}],"collection":[{"href":"https:\/\/specialcoffee.cz\/store\/wp-json\/wp\/v2\/product"}],"about":[{"href":"https:\/\/specialcoffee.cz\/store\/wp-json\/wp\/v2\/types\/product"}],"replies":[{"embeddable":true,"href":"https:\/\/specialcoffee.cz\/store\/wp-json\/wp\/v2\/comments?post=7998"}],"version-history":[{"count":4,"href":"https:\/\/specialcoffee.cz\/store\/wp-json\/wp\/v2\/product\/7998\/revisions"}],"predecessor-version":[{"id":8018,"href":"https:\/\/specialcoffee.cz\/store\/wp-json\/wp\/v2\/product\/7998\/revisions\/8018"}],"wp:featuredmedia":[{"embeddable":true,"href":"https:\/\/specialcoffee.cz\/store\/wp-json\/wp\/v2\/media\/7999"}],"wp:attachment":[{"href":"https:\/\/specialcoffee.cz\/store\/wp-json\/wp\/v2\/media?parent=7998"}],"wp:term":[{"taxonomy":"brand","embeddable":true,"href":"https:\/\/specialcoffee.cz\/store\/wp-json\/wp\/v2\/etheme_brands?post=7998"},{"taxonomy":"product_cat","embeddable":true,"href":"https:\/\/specialcoffee.cz\/store\/wp-json\/wp\/v2\/product_cat?post=7998"},{"taxonomy":"product_tag","embeddable":true,"href":"https:\/\/specialcoffee.cz\/store\/wp-json\/wp\/v2\/product_tag?post=7998"}],"curies":[{"name":"wp","href":"https:\/\/api.w.org\/{rel}","templated":true}]}}