{"id":7796,"date":"2023-03-30T18:09:00","date_gmt":"2023-03-30T16:09:00","guid":{"rendered":"https:\/\/specialcoffee.cz\/store\/?post_type=product&#038;p=7796"},"modified":"2024-07-10T01:46:10","modified_gmt":"2024-07-09T23:46:10","slug":"irisha","status":"publish","type":"product","link":"https:\/\/specialcoffee.cz\/store\/produkt\/irisha\/","title":{"rendered":"Mlet\u00e1 k\u00e1va &#8220;Irisha 250 g&#8221;"},"content":{"rendered":"<p>Jedine\u010dn\u00e1 chu\u0165 a organoleptick\u00e9 vlastnosti, 100% k\u00e1va Arabica Irisha poch\u00e1z\u00ed ze vz\u00e1cn\u00fdch zrn p\u011bstovan\u00fdch v Africe, kde v n\u011bkter\u00fdch specifick\u00fdch oblastech rostlina st\u00e1le roste spont\u00e1nn\u011b a bobule se skl\u00edzej\u00ed ru\u010dn\u011b.<\/p>\n<p>Ka\u017ed\u00e1 plechovka Irishy p\u0159ipom\u00edn\u00e1 skv\u011blou pr\u00e1ci africk\u00fdch p\u011bstitel\u016f k\u00e1vy, kte\u0159\u00ed v t\u00e9to plodin\u011b vid\u00ed formu emancipace, rozvoje a ekonomick\u00e9 ob\u017eivy. D\u00e1vn\u00e1 africk\u00e1 tradice spojen\u00e1 s touto rostlinou je sama o sob\u011b z\u00e1rukou vysok\u00e9 kvality produktu.<\/p>\n<p>V\u00fdsledkem v poh\u00e1ru je z\u00e1zrak rovnov\u00e1hy a jemnosti. V elegantn\u00edm buketu v\u016fn\u00ed vynikaj\u00ed t\u00f3ny \u010dokol\u00e1dy a kakaa, kter\u00e9 pom\u00e1haj\u00ed nast\u00ednit sladkou a kulatou k\u00e1vu. D\u00edky bohat\u00e9 a pln\u00e9 chuti je tato sm\u011bs ide\u00e1ln\u00ed pro chv\u00edle \u010dist\u00e9ho pot\u011b\u0161en\u00ed z k\u00e1vy.<br \/>\nZ tajn\u00e9ho receptu Gaetana Aiella<\/p>\n<p>K\u00e1va 100% Arabica Irisha roz\u0161i\u0159uje dlouhou tradici sm\u011bs\u00ed inspirovan\u00fdch tajn\u00fdm receptem Gaetana Aiella, exkluzivn\u00ed alchymi\u00ed, kter\u00e1 stoj\u00ed u vzniku nep\u0159ekonateln\u00e9 chuti ka\u017ed\u00e9 sm\u011bsi Caff\u00e8 Aiello.<\/p>\n<p>Objevte v\u0161echny na\u0161e recepty na mletou k\u00e1vu a zrnkovou k\u00e1vu pro moka konvi\u010dky a dom\u00e1c\u00ed espresso stroje: budete moci prozkoumat lahodn\u00e9 aromatick\u00e9 nuance a v\u017edy ochutnat espresso nejvy\u0161\u0161\u00ed kvality.<\/p>\n","protected":false},"excerpt":{"rendered":"<p><strong>IRISHA MLET\u00c1 K\u00c1VA V PLECHOVCE &#8220;100% ARABICA&#8221;<\/strong><\/p>\n<p>K\u00e1va 100% Arabica Irisha se zrodila z mimo\u0159\u00e1dn\u00e9ho setk\u00e1n\u00ed t\u011bch nejvz\u00e1cn\u011bj\u0161\u00edch africk\u00fdch odr\u016fd Arabica. Smysln\u00e9 t\u00f3ny \u010dokol\u00e1dy a kakaa se objevuj\u00ed ve sladk\u00e9 a rafinovan\u00e9 sm\u011bsi s bohatou a plnou chut\u00ed, umocn\u011bnou zvl\u00e1\u0161tn\u00edm chamtiv\u00fdm charakterem.<\/p>\n<p>\u2713 Bohat\u00e1 a pln\u00e1 chu\u0165.<\/p>\n<p>\u2713 T\u00f3ny \u010dokol\u00e1dy a kakaa.<\/p>\n<p>\u2713 Intenzivn\u00ed aroma.<\/p>\n<p>250 g mlet\u00e9 \u200b\u200bk\u00e1vy je ulo\u017eeno v plechov\u00e9 d\u00f3ze, schopn\u00e9 dlouhodob\u011b uchovat aroma produktu a podporovat jeho spr\u00e1vn\u00e9 uchov\u00e1n\u00ed.<\/p>\n<p>K\u00e1vu 100% Arabica Irisha lze p\u0159ipravit v moka konvici, ale sv\u00fdm mlet\u00edm je vhodn\u00e1 i pro p\u0159\u00edpravu filtrovan\u00e9 k\u00e1vy a dom\u00e1c\u00edch espresso stroj\u016f. V\u00fdsledkem bude v\u017edy vysoce kvalitn\u00ed k\u00e1va, ide\u00e1ln\u00ed pro milovn\u00edky sladk\u00e9 a jemn\u00e9 chuti.<\/p>\n<p><img loading=\"lazy\" decoding=\"async\" class=\"alignnone size-full wp-image-7793\" src=\"https:\/\/specialcoffee.cz\/store\/wp-content\/uploads\/2023\/03\/finca_caratterisstiche-548x200-1.jpg\" alt=\"\" width=\"548\" height=\"200\" srcset=\"https:\/\/specialcoffee.cz\/store\/wp-content\/uploads\/2023\/03\/finca_caratterisstiche-548x200-1.jpg 548w, https:\/\/specialcoffee.cz\/store\/wp-content\/uploads\/2023\/03\/finca_caratterisstiche-548x200-1-300x109.jpg 300w, https:\/\/specialcoffee.cz\/store\/wp-content\/uploads\/2023\/03\/finca_caratterisstiche-548x200-1-1x1.jpg 1w, https:\/\/specialcoffee.cz\/store\/wp-content\/uploads\/2023\/03\/finca_caratterisstiche-548x200-1-10x4.jpg 10w\" sizes=\"auto, (max-width: 548px) 100vw, 548px\" \/><\/p>\n","protected":false},"featured_media":7811,"comment_status":"open","ping_status":"closed","template":"","meta":[],"etheme_brands":[{"term_id":117,"name":"Aiello","slug":"aiello","term_group":0,"term_taxonomy_id":117,"taxonomy":"brand","description":"","parent":0,"count":22,"filter":"raw"}],"product_cat":[82,84],"product_tag":[],"class_list":{"0":"post-7796","1":"product","2":"type-product","3":"status-publish","4":"has-post-thumbnail","6":"brand-aiello","7":"product_cat-kava-doma","8":"product_cat-mleta-kava-kava-doma","10":"first","11":"instock","12":"taxable","13":"shipping-taxable","14":"purchasable","15":"product-type-simple"},"_links":{"self":[{"href":"https:\/\/specialcoffee.cz\/store\/wp-json\/wp\/v2\/product\/7796","targetHints":{"allow":["GET"]}}],"collection":[{"href":"https:\/\/specialcoffee.cz\/store\/wp-json\/wp\/v2\/product"}],"about":[{"href":"https:\/\/specialcoffee.cz\/store\/wp-json\/wp\/v2\/types\/product"}],"replies":[{"embeddable":true,"href":"https:\/\/specialcoffee.cz\/store\/wp-json\/wp\/v2\/comments?post=7796"}],"version-history":[{"count":4,"href":"https:\/\/specialcoffee.cz\/store\/wp-json\/wp\/v2\/product\/7796\/revisions"}],"predecessor-version":[{"id":8329,"href":"https:\/\/specialcoffee.cz\/store\/wp-json\/wp\/v2\/product\/7796\/revisions\/8329"}],"wp:featuredmedia":[{"embeddable":true,"href":"https:\/\/specialcoffee.cz\/store\/wp-json\/wp\/v2\/media\/7811"}],"wp:attachment":[{"href":"https:\/\/specialcoffee.cz\/store\/wp-json\/wp\/v2\/media?parent=7796"}],"wp:term":[{"taxonomy":"brand","embeddable":true,"href":"https:\/\/specialcoffee.cz\/store\/wp-json\/wp\/v2\/etheme_brands?post=7796"},{"taxonomy":"product_cat","embeddable":true,"href":"https:\/\/specialcoffee.cz\/store\/wp-json\/wp\/v2\/product_cat?post=7796"},{"taxonomy":"product_tag","embeddable":true,"href":"https:\/\/specialcoffee.cz\/store\/wp-json\/wp\/v2\/product_tag?post=7796"}],"curies":[{"name":"wp","href":"https:\/\/api.w.org\/{rel}","templated":true}]}}