{"id":7537,"date":"2023-03-28T13:14:09","date_gmt":"2023-03-28T11:14:09","guid":{"rendered":"https:\/\/specialcoffee.cz\/store\/?post_type=product&#038;p=7537"},"modified":"2023-04-13T13:05:04","modified_gmt":"2023-04-13T11:05:04","slug":"bily-cukr-10-kg","status":"publish","type":"product","link":"https:\/\/specialcoffee.cz\/store\/produkt\/bily-cukr-10-kg\/","title":{"rendered":"B\u00edl\u00fd cukr 10 kg"},"content":{"rendered":"","protected":false},"excerpt":{"rendered":"<p><strong>B\u00cdL\u00dd CUKR V S\u00c1\u010cC\u00cdCH<\/strong><\/p>\n<p>B\u00edl\u00fd cukr v s\u00e1\u010dc\u00edch,<br \/>\nkrabice 10 kg, 2000 s\u00e1\u010dk\u016f po 5 g.<\/p>\n","protected":false},"featured_media":7538,"comment_status":"open","ping_status":"closed","template":"","meta":[],"etheme_brands":[{"term_id":117,"name":"Aiello","slug":"aiello","term_group":0,"term_taxonomy_id":117,"taxonomy":"brand","description":"","parent":0,"count":22,"filter":"raw"}],"product_cat":[78,81],"product_tag":[],"class_list":{"0":"post-7537","1":"product","2":"type-product","3":"status-publish","4":"has-post-thumbnail","6":"brand-aiello","7":"product_cat-pro-kavarny","8":"product_cat-doplnkove-produkty-pro-kavarny","10":"first","11":"instock","12":"taxable","13":"shipping-taxable","14":"purchasable","15":"product-type-simple"},"_links":{"self":[{"href":"https:\/\/specialcoffee.cz\/store\/wp-json\/wp\/v2\/product\/7537","targetHints":{"allow":["GET"]}}],"collection":[{"href":"https:\/\/specialcoffee.cz\/store\/wp-json\/wp\/v2\/product"}],"about":[{"href":"https:\/\/specialcoffee.cz\/store\/wp-json\/wp\/v2\/types\/product"}],"replies":[{"embeddable":true,"href":"https:\/\/specialcoffee.cz\/store\/wp-json\/wp\/v2\/comments?post=7537"}],"version-history":[{"count":2,"href":"https:\/\/specialcoffee.cz\/store\/wp-json\/wp\/v2\/product\/7537\/revisions"}],"predecessor-version":[{"id":7552,"href":"https:\/\/specialcoffee.cz\/store\/wp-json\/wp\/v2\/product\/7537\/revisions\/7552"}],"wp:featuredmedia":[{"embeddable":true,"href":"https:\/\/specialcoffee.cz\/store\/wp-json\/wp\/v2\/media\/7538"}],"wp:attachment":[{"href":"https:\/\/specialcoffee.cz\/store\/wp-json\/wp\/v2\/media?parent=7537"}],"wp:term":[{"taxonomy":"brand","embeddable":true,"href":"https:\/\/specialcoffee.cz\/store\/wp-json\/wp\/v2\/etheme_brands?post=7537"},{"taxonomy":"product_cat","embeddable":true,"href":"https:\/\/specialcoffee.cz\/store\/wp-json\/wp\/v2\/product_cat?post=7537"},{"taxonomy":"product_tag","embeddable":true,"href":"https:\/\/specialcoffee.cz\/store\/wp-json\/wp\/v2\/product_tag?post=7537"}],"curies":[{"name":"wp","href":"https:\/\/api.w.org\/{rel}","templated":true}]}}