{"id":7524,"date":"2023-03-27T16:30:33","date_gmt":"2023-03-27T14:30:33","guid":{"rendered":"https:\/\/specialcoffee.cz\/store\/?post_type=product&#038;p=7524"},"modified":"2023-04-26T11:20:17","modified_gmt":"2023-04-26T09:20:17","slug":"intenso-1000-g","status":"publish","type":"product","link":"https:\/\/specialcoffee.cz\/store\/produkt\/intenso-1000-g\/","title":{"rendered":"Zrnkov\u00e1 k\u00e1va &#8220;Intenso 1000 g&#8221;"},"content":{"rendered":"","protected":false},"excerpt":{"rendered":"<p><strong>70%ARABICA-30%ROBUSTA<\/strong><\/p>\n<p>Sladk\u00e1, vyv\u00e1\u017een\u00e1, aromatick\u00e1 k\u00e1vov\u00e1 sm\u011bs. Zabere nejv\u00edc<br \/>\nn\u00e1ro\u010dn\u00e9 patra p\u0159ekvapen\u00edm kv\u016fli<br \/>\njeho pln\u00e9 t\u011blo v \u0161\u00e1lku a p\u0159etrv\u00e1vaj\u00edc\u00ed chu\u0165 v \u00fastech.<br \/>\nV\u011bnov\u00e1no p\u0159edev\u0161\u00edm t\u011bm, kte\u0159\u00ed maj\u00ed r\u00e1di<br \/>\nespresso s intenzivn\u00edm t\u011blem a silnou chut\u00ed.<\/p>\n<p><img loading=\"lazy\" decoding=\"async\" class=\"alignnone size-full wp-image-7528\" src=\"https:\/\/specialcoffee.cz\/store\/wp-content\/uploads\/2023\/03\/intenso_caratterisstiche-548x200-1.png\" alt=\"\" width=\"548\" height=\"200\" srcset=\"https:\/\/specialcoffee.cz\/store\/wp-content\/uploads\/2023\/03\/intenso_caratterisstiche-548x200-1.png 548w, https:\/\/specialcoffee.cz\/store\/wp-content\/uploads\/2023\/03\/intenso_caratterisstiche-548x200-1-300x109.png 300w, https:\/\/specialcoffee.cz\/store\/wp-content\/uploads\/2023\/03\/intenso_caratterisstiche-548x200-1-1x1.png 1w, https:\/\/specialcoffee.cz\/store\/wp-content\/uploads\/2023\/03\/intenso_caratterisstiche-548x200-1-10x4.png 10w\" sizes=\"auto, (max-width: 548px) 100vw, 548px\" \/><\/p>\n","protected":false},"featured_media":7525,"comment_status":"open","ping_status":"closed","template":"","meta":[],"etheme_brands":[{"term_id":117,"name":"Aiello","slug":"aiello","term_group":0,"term_taxonomy_id":117,"taxonomy":"brand","description":"","parent":0,"count":22,"filter":"raw"}],"product_cat":[78,79],"product_tag":[],"class_list":{"0":"post-7524","1":"product","2":"type-product","3":"status-publish","4":"has-post-thumbnail","6":"brand-aiello","7":"product_cat-pro-kavarny","8":"product_cat-zrnkova-kava-pro-kavarny","10":"first","11":"instock","12":"taxable","13":"shipping-taxable","14":"purchasable","15":"product-type-simple"},"_links":{"self":[{"href":"https:\/\/specialcoffee.cz\/store\/wp-json\/wp\/v2\/product\/7524","targetHints":{"allow":["GET"]}}],"collection":[{"href":"https:\/\/specialcoffee.cz\/store\/wp-json\/wp\/v2\/product"}],"about":[{"href":"https:\/\/specialcoffee.cz\/store\/wp-json\/wp\/v2\/types\/product"}],"replies":[{"embeddable":true,"href":"https:\/\/specialcoffee.cz\/store\/wp-json\/wp\/v2\/comments?post=7524"}],"version-history":[{"count":3,"href":"https:\/\/specialcoffee.cz\/store\/wp-json\/wp\/v2\/product\/7524\/revisions"}],"predecessor-version":[{"id":7529,"href":"https:\/\/specialcoffee.cz\/store\/wp-json\/wp\/v2\/product\/7524\/revisions\/7529"}],"wp:featuredmedia":[{"embeddable":true,"href":"https:\/\/specialcoffee.cz\/store\/wp-json\/wp\/v2\/media\/7525"}],"wp:attachment":[{"href":"https:\/\/specialcoffee.cz\/store\/wp-json\/wp\/v2\/media?parent=7524"}],"wp:term":[{"taxonomy":"brand","embeddable":true,"href":"https:\/\/specialcoffee.cz\/store\/wp-json\/wp\/v2\/etheme_brands?post=7524"},{"taxonomy":"product_cat","embeddable":true,"href":"https:\/\/specialcoffee.cz\/store\/wp-json\/wp\/v2\/product_cat?post=7524"},{"taxonomy":"product_tag","embeddable":true,"href":"https:\/\/specialcoffee.cz\/store\/wp-json\/wp\/v2\/product_tag?post=7524"}],"curies":[{"name":"wp","href":"https:\/\/api.w.org\/{rel}","templated":true}]}}