{"id":7052,"date":"2023-03-16T13:01:43","date_gmt":"2023-03-16T12:01:43","guid":{"rendered":"https:\/\/specialcoffee.cz\/store\/?post_type=product&#038;p=7052"},"modified":"2023-04-26T11:20:17","modified_gmt":"2023-04-26T09:20:17","slug":"crema-250-g","status":"publish","type":"product","link":"https:\/\/specialcoffee.cz\/store\/produkt\/crema-250-g\/","title":{"rendered":"Zrnkov\u00e1 k\u00e1va &#8220;Crema 250 g&#8221;"},"content":{"rendered":"","protected":false},"excerpt":{"rendered":"<p><strong>80%ARABICA &#8211; 20%ROBUSTA<\/strong><\/p>\n<p>Pln\u00e1, intenzivn\u00ed a v\u00fdrazn\u00e1 chu\u0165<br \/>\nnejklasi\u010dt\u011bj\u0161\u00edch k\u00e1vov\u00fdch sm\u011bs\u00ed Aiello.<br \/>\nSiln\u00fd charakter a nezam\u011bniteln\u00e9 t\u00f3ny<br \/>\nbohat\u00e9ho \u0161\u00e1lku k\u00e1vy s \u010dist\u00fdm a sladk\u00fdm aroma.<\/p>\n<p><img loading=\"lazy\" decoding=\"async\" class=\"alignnone size-full wp-image-7514\" src=\"https:\/\/specialcoffee.cz\/store\/wp-content\/uploads\/2023\/03\/crema250_caratterisstiche-548x200-1.jpg\" alt=\"\" width=\"548\" height=\"200\" srcset=\"https:\/\/specialcoffee.cz\/store\/wp-content\/uploads\/2023\/03\/crema250_caratterisstiche-548x200-1.jpg 548w, https:\/\/specialcoffee.cz\/store\/wp-content\/uploads\/2023\/03\/crema250_caratterisstiche-548x200-1-300x109.jpg 300w, https:\/\/specialcoffee.cz\/store\/wp-content\/uploads\/2023\/03\/crema250_caratterisstiche-548x200-1-1x1.jpg 1w, https:\/\/specialcoffee.cz\/store\/wp-content\/uploads\/2023\/03\/crema250_caratterisstiche-548x200-1-10x4.jpg 10w\" sizes=\"auto, (max-width: 548px) 100vw, 548px\" \/><\/p>\n","protected":false},"featured_media":7053,"comment_status":"open","ping_status":"closed","template":"","meta":[],"etheme_brands":[{"term_id":117,"name":"Aiello","slug":"aiello","term_group":0,"term_taxonomy_id":117,"taxonomy":"brand","description":"","parent":0,"count":22,"filter":"raw"}],"product_cat":[86,87,82,83],"product_tag":[],"class_list":{"0":"post-7052","1":"product","2":"type-product","3":"status-publish","4":"has-post-thumbnail","6":"brand-aiello","7":"product_cat-do-kancelare","8":"product_cat-zrnkova-kava-do-kancelare","9":"product_cat-kava-doma","10":"product_cat-zrnkova-kava-kava-doma","12":"first","13":"instock","14":"taxable","15":"shipping-taxable","16":"purchasable","17":"product-type-simple"},"_links":{"self":[{"href":"https:\/\/specialcoffee.cz\/store\/wp-json\/wp\/v2\/product\/7052","targetHints":{"allow":["GET"]}}],"collection":[{"href":"https:\/\/specialcoffee.cz\/store\/wp-json\/wp\/v2\/product"}],"about":[{"href":"https:\/\/specialcoffee.cz\/store\/wp-json\/wp\/v2\/types\/product"}],"replies":[{"embeddable":true,"href":"https:\/\/specialcoffee.cz\/store\/wp-json\/wp\/v2\/comments?post=7052"}],"version-history":[{"count":5,"href":"https:\/\/specialcoffee.cz\/store\/wp-json\/wp\/v2\/product\/7052\/revisions"}],"predecessor-version":[{"id":7515,"href":"https:\/\/specialcoffee.cz\/store\/wp-json\/wp\/v2\/product\/7052\/revisions\/7515"}],"wp:featuredmedia":[{"embeddable":true,"href":"https:\/\/specialcoffee.cz\/store\/wp-json\/wp\/v2\/media\/7053"}],"wp:attachment":[{"href":"https:\/\/specialcoffee.cz\/store\/wp-json\/wp\/v2\/media?parent=7052"}],"wp:term":[{"taxonomy":"brand","embeddable":true,"href":"https:\/\/specialcoffee.cz\/store\/wp-json\/wp\/v2\/etheme_brands?post=7052"},{"taxonomy":"product_cat","embeddable":true,"href":"https:\/\/specialcoffee.cz\/store\/wp-json\/wp\/v2\/product_cat?post=7052"},{"taxonomy":"product_tag","embeddable":true,"href":"https:\/\/specialcoffee.cz\/store\/wp-json\/wp\/v2\/product_tag?post=7052"}],"curies":[{"name":"wp","href":"https:\/\/api.w.org\/{rel}","templated":true}]}}