{"id":7023,"date":"2023-03-02T16:42:15","date_gmt":"2023-03-02T15:42:15","guid":{"rendered":"https:\/\/specialcoffee.cz\/store\/?post_type=product&#038;p=7023"},"modified":"2025-07-03T21:11:08","modified_gmt":"2025-07-03T19:11:08","slug":"arabica-1000-g","status":"publish","type":"product","link":"https:\/\/specialcoffee.cz\/store\/produkt\/arabica-1000-g\/","title":{"rendered":"Zrnkov\u00e1 k\u00e1va &#8220;Arabica 1000 g&#8221;"},"content":{"rendered":"","protected":false},"excerpt":{"rendered":"<p><strong>100%ARABICA<\/strong><\/p>\n<p>100% Arabica je k\u00e1va nejvy\u0161\u0161\u00ed kvality Caff\u00e8 Aiello,<br \/>\nsm\u011bs slo\u017een\u00e1 v\u00fdhradn\u011b z t\u011bch nejlep\u0161\u00edch odr\u016fd<br \/>\nArabica. Jeho bezchybn\u00e1, jemn\u00e1, rafinovan\u00e1 dochu\u0165 je ta<br \/>\nnej harmonick\u00fd t\u00f3n t\u00e9to sm\u011bsi. Nezam\u011bniteln\u00fd<br \/>\nkombinace jemn\u00e9 chuti a jemn\u00e9 v\u016fn\u011b, dedikovan\u00e1<br \/>\npro opravdov\u00e9 milovn\u00edky k\u00e1vy.<\/p>\n<p><img loading=\"lazy\" decoding=\"async\" class=\"alignnone size-full wp-image-7025\" src=\"https:\/\/specialcoffee.cz\/store\/wp-content\/uploads\/2023\/03\/arabica_caratterisstiche-548x200-1.jpg\" alt=\"\" width=\"548\" height=\"200\" srcset=\"https:\/\/specialcoffee.cz\/store\/wp-content\/uploads\/2023\/03\/arabica_caratterisstiche-548x200-1.jpg 548w, https:\/\/specialcoffee.cz\/store\/wp-content\/uploads\/2023\/03\/arabica_caratterisstiche-548x200-1-300x109.jpg 300w, https:\/\/specialcoffee.cz\/store\/wp-content\/uploads\/2023\/03\/arabica_caratterisstiche-548x200-1-1x1.jpg 1w, https:\/\/specialcoffee.cz\/store\/wp-content\/uploads\/2023\/03\/arabica_caratterisstiche-548x200-1-10x4.jpg 10w\" sizes=\"auto, (max-width: 548px) 100vw, 548px\" \/><\/p>\n","protected":false},"featured_media":7024,"comment_status":"open","ping_status":"closed","template":"","meta":[],"etheme_brands":[{"term_id":117,"name":"Aiello","slug":"aiello","term_group":0,"term_taxonomy_id":117,"taxonomy":"brand","description":"","parent":0,"count":22,"filter":"raw"}],"product_cat":[78,79],"product_tag":[],"class_list":{"0":"post-7023","1":"product","2":"type-product","3":"status-publish","4":"has-post-thumbnail","6":"brand-aiello","7":"product_cat-pro-kavarny","8":"product_cat-zrnkova-kava-pro-kavarny","10":"first","11":"instock","12":"taxable","13":"shipping-taxable","14":"purchasable","15":"product-type-simple"},"_links":{"self":[{"href":"https:\/\/specialcoffee.cz\/store\/wp-json\/wp\/v2\/product\/7023","targetHints":{"allow":["GET"]}}],"collection":[{"href":"https:\/\/specialcoffee.cz\/store\/wp-json\/wp\/v2\/product"}],"about":[{"href":"https:\/\/specialcoffee.cz\/store\/wp-json\/wp\/v2\/types\/product"}],"replies":[{"embeddable":true,"href":"https:\/\/specialcoffee.cz\/store\/wp-json\/wp\/v2\/comments?post=7023"}],"version-history":[{"count":3,"href":"https:\/\/specialcoffee.cz\/store\/wp-json\/wp\/v2\/product\/7023\/revisions"}],"predecessor-version":[{"id":7516,"href":"https:\/\/specialcoffee.cz\/store\/wp-json\/wp\/v2\/product\/7023\/revisions\/7516"}],"wp:featuredmedia":[{"embeddable":true,"href":"https:\/\/specialcoffee.cz\/store\/wp-json\/wp\/v2\/media\/7024"}],"wp:attachment":[{"href":"https:\/\/specialcoffee.cz\/store\/wp-json\/wp\/v2\/media?parent=7023"}],"wp:term":[{"taxonomy":"brand","embeddable":true,"href":"https:\/\/specialcoffee.cz\/store\/wp-json\/wp\/v2\/etheme_brands?post=7023"},{"taxonomy":"product_cat","embeddable":true,"href":"https:\/\/specialcoffee.cz\/store\/wp-json\/wp\/v2\/product_cat?post=7023"},{"taxonomy":"product_tag","embeddable":true,"href":"https:\/\/specialcoffee.cz\/store\/wp-json\/wp\/v2\/product_tag?post=7023"}],"curies":[{"name":"wp","href":"https:\/\/api.w.org\/{rel}","templated":true}]}}