{"id":426,"date":"2018-08-03T13:22:29","date_gmt":"2018-08-03T11:22:29","guid":{"rendered":"https:\/\/xstore.8theme.com\/?page_id=426"},"modified":"2023-03-21T13:19:29","modified_gmt":"2023-03-21T12:19:29","slug":"sledovat-objednavku","status":"publish","type":"page","link":"https:\/\/specialcoffee.cz\/store\/sledovat-objednavku\/","title":{"rendered":"Sledovat objedn\u00e1vku"},"content":{"rendered":"\t\t<div data-elementor-type=\"wp-page\" data-elementor-id=\"426\" class=\"elementor elementor-426\">\n\t\t\t\t\t\t\t\t\t<section class=\"elementor-section elementor-top-section elementor-element elementor-element-6552030 elementor-section-boxed elementor-section-height-default elementor-section-height-default\" data-id=\"6552030\" data-element_type=\"section\">\n\t\t\t\t\t\t<div class=\"elementor-container elementor-column-gap-no\">\n\t\t\t\t\t<div class=\"elementor-column elementor-col-100 elementor-top-column elementor-element elementor-element-c1ba8cf\" data-id=\"c1ba8cf\" data-element_type=\"column\">\n\t\t\t<div class=\"elementor-widget-wrap elementor-element-populated\">\n\t\t\t\t\t\t\t\t<div class=\"elementor-element elementor-element-3442f84 elementor-widget elementor-widget-heading\" data-id=\"3442f84\" data-element_type=\"widget\" data-widget_type=\"heading.default\">\n\t\t\t\t<div class=\"elementor-widget-container\">\n\t\t\t<style>\/*! elementor - v3.12.2 - 23-04-2023 *\/\n.elementor-heading-title{padding:0;margin:0;line-height:1}.elementor-widget-heading .elementor-heading-title[class*=elementor-size-]>a{color:inherit;font-size:inherit;line-height:inherit}.elementor-widget-heading .elementor-heading-title.elementor-size-small{font-size:15px}.elementor-widget-heading .elementor-heading-title.elementor-size-medium{font-size:19px}.elementor-widget-heading .elementor-heading-title.elementor-size-large{font-size:29px}.elementor-widget-heading .elementor-heading-title.elementor-size-xl{font-size:39px}.elementor-widget-heading .elementor-heading-title.elementor-size-xxl{font-size:59px}<\/style><h2 class=\"elementor-heading-title elementor-size-default\">Bu\u010fte v\u017edy aktu\u00e1ln\u00ed s va\u0161\u00ed objedn\u00e1vkou<\/h2>\t\t<\/div>\n\t\t\t\t<\/div>\n\t\t\t\t<div class=\"elementor-element elementor-element-d4eb42e elementor-widget elementor-widget-shortcode\" data-id=\"d4eb42e\" data-element_type=\"widget\" data-widget_type=\"shortcode.default\">\n\t\t\t\t<div class=\"elementor-widget-container\">\n\t\t\t\t\t<div class=\"elementor-shortcode\"><div class=\"woocommerce\"><\/div><\/div>\n\t\t\t\t<\/div>\n\t\t\t\t<\/div>\n\t\t\t\t\t<\/div>\n\t\t<\/div>\n\t\t\t\t\t\t\t<\/div>\n\t\t<\/section>\n\t\t\t\t\t\t\t<\/div>\n\t\t","protected":false},"excerpt":{"rendered":"<p>Bu\u010fte v\u017edy aktu\u00e1ln\u00ed s va\u0161\u00ed objedn\u00e1vkou<\/p>\n","protected":false},"author":1,"featured_media":0,"parent":0,"menu_order":0,"comment_status":"closed","ping_status":"closed","template":"","meta":{"footnotes":""},"class_list":["post-426","page","type-page","status-publish","hentry"],"_links":{"self":[{"href":"https:\/\/specialcoffee.cz\/store\/wp-json\/wp\/v2\/pages\/426","targetHints":{"allow":["GET"]}}],"collection":[{"href":"https:\/\/specialcoffee.cz\/store\/wp-json\/wp\/v2\/pages"}],"about":[{"href":"https:\/\/specialcoffee.cz\/store\/wp-json\/wp\/v2\/types\/page"}],"author":[{"embeddable":true,"href":"https:\/\/specialcoffee.cz\/store\/wp-json\/wp\/v2\/users\/1"}],"replies":[{"embeddable":true,"href":"https:\/\/specialcoffee.cz\/store\/wp-json\/wp\/v2\/comments?post=426"}],"version-history":[{"count":4,"href":"https:\/\/specialcoffee.cz\/store\/wp-json\/wp\/v2\/pages\/426\/revisions"}],"predecessor-version":[{"id":7183,"href":"https:\/\/specialcoffee.cz\/store\/wp-json\/wp\/v2\/pages\/426\/revisions\/7183"}],"wp:attachment":[{"href":"https:\/\/specialcoffee.cz\/store\/wp-json\/wp\/v2\/media?parent=426"}],"curies":[{"name":"wp","href":"https:\/\/api.w.org\/{rel}","templated":true}]}}