{"id":4084,"date":"2016-05-23T12:03:26","date_gmt":"2016-05-23T10:03:26","guid":{"rendered":"http:\/\/8theme.com\/import\/xstore\/?page_id=4084"},"modified":"2023-04-11T11:22:37","modified_gmt":"2023-04-11T09:22:37","slug":"doprava-a-platba","status":"publish","type":"page","link":"https:\/\/specialcoffee.cz\/store\/doprava-a-platba\/","title":{"rendered":"Doprava a Platba"},"content":{"rendered":"\t\t<div data-elementor-type=\"wp-page\" data-elementor-id=\"4084\" class=\"elementor elementor-4084\">\n\t\t\t\t\t\t\t\t\t<section class=\"elementor-section elementor-top-section elementor-element elementor-element-379c801 elementor-section-boxed elementor-section-height-default elementor-section-height-default\" data-id=\"379c801\" data-element_type=\"section\">\n\t\t\t\t\t\t<div class=\"elementor-container elementor-column-gap-default\">\n\t\t\t\t\t<div class=\"elementor-column elementor-col-100 elementor-top-column elementor-element elementor-element-758d0a4\" data-id=\"758d0a4\" data-element_type=\"column\">\n\t\t\t<div class=\"elementor-widget-wrap elementor-element-populated\">\n\t\t\t\t\t\t\t\t<div class=\"elementor-element elementor-element-9caf71c elementor-widget__width-initial elementor-widget elementor-widget-text-editor\" data-id=\"9caf71c\" data-element_type=\"widget\" data-widget_type=\"text-editor.default\">\n\t\t\t\t<div class=\"elementor-widget-container\">\n\t\t\t<style>\/*! elementor - v3.12.2 - 23-04-2023 *\/\n.elementor-widget-text-editor.elementor-drop-cap-view-stacked .elementor-drop-cap{background-color:#69727d;color:#fff}.elementor-widget-text-editor.elementor-drop-cap-view-framed .elementor-drop-cap{color:#69727d;border:3px solid;background-color:transparent}.elementor-widget-text-editor:not(.elementor-drop-cap-view-default) .elementor-drop-cap{margin-top:8px}.elementor-widget-text-editor:not(.elementor-drop-cap-view-default) .elementor-drop-cap-letter{width:1em;height:1em}.elementor-widget-text-editor .elementor-drop-cap{float:left;text-align:center;line-height:1;font-size:50px}.elementor-widget-text-editor .elementor-drop-cap-letter{display:inline-block}<\/style>\t\t\t\t<p><strong>DOPRAVA<\/strong><\/p><div><h4>Objednan\u00e9 zbo\u017e\u00ed doru\u010dujeme prost\u0159ednictv\u00edm:<\/h4><ul><li><strong>\u010cesk\u00e1 po\u0161ta, slu\u017eba\u00a0<a href=\"https:\/\/www.ceskaposta.cz\/cz\/sluzby\/baliky\/cr\/balik-do-ruky-id36476\/\" target=\"_blank\" rel=\"noopener\">Bal\u00edk Do ruky<\/a><\/strong>\u00a0&#8211; Va\u0161i objedn\u00e1vku po\u0161ta p\u0159ed\u00e1 p\u0159\u00edmo do Va\u0161ich rukou. Tuto dopravu je mo\u017en\u00e9 vyu\u017e\u00edt jen v r\u00e1mci \u010cesk\u00e9 republiky.<\/li><li><strong><a href=\"https:\/\/www.zasilkovna.cz\/eshopy\" target=\"_blank\" rel=\"noopener\">Z\u00e1silkovna.cz<\/a>\u00a0&#8211;\u00a0<\/strong>Va\u0161i z\u00e1silku si m\u016f\u017eete vyzvednout \u00a0na partnersk\u00e9m m\u00edst\u011b Z\u00e1silkovny.cz v \u010cesk\u00e9 republice. V sou\u010dasn\u00e9 dob\u011b je mo\u017en\u00e9 vyzvednout z\u00e1silku ve v\u00edce ne\u017e 670 partnersk\u00fdch m\u00edstech Z\u00e1silkovny.cz. Maxim\u00e1ln\u00ed hmotnost t\u00e9to z\u00e1silky je 5 kg.<\/li><li><strong>Doprava Special Coffee\u00a0<\/strong>zdarma jen pro velkoodb\u011bratele.<\/li><li><strong>Osobn\u00ed vyzvednut\u00ed na prodejn\u011b v Praze 5<\/strong>, \u0160tefanikov\u00e1 266\/24, 150 00 Praha 5, Caff\u00e9 Bar Positivo.<\/li><\/ul><p>Prod\u00e1vaj\u00edc\u00ed neru\u010d\u00ed za \u0161kody, zp\u016fsoben\u00e9 na z\u00e1silce p\u0159epravcem (Zasilkovna nebo \u010ceskou po\u0161tou), pokud je V\u00e1m z\u00e1silka doru\u010dena po\u0161kozena (potrhan\u00fd, zjevn\u011b deformovan\u00fd, otev\u0159en\u00fd transportn\u00ed obal apod.), je z\u00e1kazn\u00edk opr\u00e1vn\u011bn z\u00e1silku nep\u0159evz\u00edt, v opa\u010dn\u00e9m p\u0159\u00edpad\u011b se prod\u00e1vaj\u00edc\u00ed z\u0159\u00edk\u00e1 v\u0161ech z\u00e1vazk\u016f, kter\u00e9 pro n\u011bj z tohoto reklama\u010dn\u00edho \u0159\u00e1du plynou, a z\u00e1kazn\u00edkov\u00fdm partnerem pro reklamaci se st\u00e1v\u00e1 dopravce.\u00a0<\/p><h2><strong>Odes\u00edl\u00e1n\u00ed objedn\u00e1vek<\/strong><\/h2><p>V p\u0159\u00edpad\u011b p\u0159ijet\u00ed objedn\u00e1vky<strong>\u00a0s dopravou \u010ceskou po\u0161tou\u00a0<\/strong>v pracovn\u00edch dnech\u00a0<strong>do 13. hodiny\u00a0<\/strong>je z\u00e1silka odes\u00edl\u00e1na je\u0161t\u011b\u00a0<strong>t\u00fd\u017e den<\/strong>.\u00a0<\/p><p>V p\u0159\u00edpad\u011b p\u0159ijet\u00ed objedn\u00e1vky ve st\u00e1tem uznan\u00fd\u00a0<strong>sv\u00e1tek s platbou na dob\u00edrku<\/strong>\u00a0je zbo\u017e\u00ed odes\u00edl\u00e1no\u00a0<strong>n\u00e1sledujic\u00ed pracovn\u00ed den<\/strong>.\u00a0<\/p><p>U platby\u00a0<strong>p\u0159edem na n\u00e1\u0161 B\u00da<\/strong>\u00a0je zbo\u017e\u00ed odes\u00edl\u00e1no\u00a0<strong>po p\u0159ips\u00e1n\u00ed \u010d\u00e1stky<\/strong>\u00a0na n\u00e1\u0161 \u00fa\u010det.<\/p><p>V p\u0159\u00edpad\u011b, \u017ee n\u011bkter\u00e9 zbo\u017e\u00ed nebude skladem, nebo jen nebude z n\u011bjak\u00e9ho d\u016fvodu expedovateln\u00e9 b\u011bhem n\u011bkolika dn\u00ed, budeme v\u00e1s kontaktovat na V\u00e1mi zadan\u00fd e-mail nebo telefon s n\u00e1vrhem na \u0159e\u0161en\u00ed situace.<\/p><h2>CENA DOPRAVY<\/h2><p>K cen\u011b objedn\u00e1vky je v\u017edy p\u0159ipo\u010d\u00edt\u00e1na dle v\u00fdb\u011bru slu\u017eby i\u00a0cena za dopravu.<\/p><ul><li><strong>Z\u00e1silkovna s v\u00fddejn\u00edm m\u00edstem v \u010cesku<\/strong>\u00a0&#8211; 69,- K\u010d s DPH<\/li><li><strong>Z\u00e1silkovna dom\u016f v \u010cesku<\/strong> &#8211; 99,- K\u010d s DPH<\/li><li><strong>\u010cesk\u00e1 po\u0161ta &#8211; Bal\u00edk Do ruky<\/strong>\u00a0&#8211; 149,- K\u010d s DPH<\/li><\/ul><h2>Doprava ZDARMA<\/h2><p>U objedn\u00e1vky v hodnot\u011b\u00a0<strong>vy\u0161\u0161\u00ed ne\u017e 2500,- K\u010d<\/strong>\u00a0s DPH nen\u00ed \u00fa\u010dtov\u00e1no dopravn\u00e9 ani baln\u00e9.<\/p><p>V\u0161echny ceny uveden\u00e9 v internetov\u00e9m obchod\u011b jsou uvedeny v\u010detn\u011b DPH.<\/p><h2>MO\u017dNOSTI PLATBY<\/h2><p>Kupuj\u00edc\u00ed m\u00e1 mo\u017enost \u00fahrady objedn\u00e1vky n\u011bkolika zp\u016fsoby:<\/p><p><img loading=\"lazy\" decoding=\"async\" src=\"https:\/\/specialcoffee.cz\/store\/wp-content\/uploads\/2023\/04\/dobirka-icony-300x208.png\" alt=\"\" width=\"300\" height=\"208\" \/><\/p><ul><li><strong>dob\u00edrkou<\/strong>\u00a0p\u0159i p\u0159evzet\u00ed objedn\u00e1vky od dopravce<\/li><li><strong>platbou p\u0159edem na n\u00e1\u0161 bankovn\u00ed \u00fa\u010det veden\u00fd v CZK\u00a0 <\/strong>317299178\/0300, jako variabiln\u00ed symbol uvedete \u010d\u00edslo objedn\u00e1vky (plat\u00ed pro objedn\u00e1vky, kter\u00e9 jsou odes\u00edl\u00e1ny na \u00fazem\u00ed \u010cR)<\/li><li><strong>hotov\u011b<\/strong>\u00a0p\u0159i odb\u011bru v na\u0161\u00ed prodejn\u011b v Praze 5<\/li><li><strong>platebn\u00ed kartou Visa, Maestro, MasterCard, paypal<\/strong>\u00a0&#8211; po dokon\u010den\u00ed objedn\u00e1vky je kupuj\u00edc\u00ed p\u0159esm\u011brov\u00e1n na platebn\u00ed br\u00e1nu kde zad\u00e1 pot\u0159ebn\u00e9 \u00fadaje<\/li><li>platba p\u0159evodem\u00a0<strong>faktura se splatnost\u00ed<\/strong>\u00a0&#8211; pro pravideln\u00e9 z\u00e1kazn\u00edky je mo\u017en\u00e9 dohodnout tuto platbu, podm\u00ednkou je dobr\u00e1 platebn\u00ed mor\u00e1lka<\/li><\/ul><\/div>\t\t\t\t\t\t<\/div>\n\t\t\t\t<\/div>\n\t\t\t\t\t<\/div>\n\t\t<\/div>\n\t\t\t\t\t\t\t<\/div>\n\t\t<\/section>\n\t\t\t\t\t\t\t<\/div>\n\t\t","protected":false},"excerpt":{"rendered":"<p>DOPRAVA Objednan\u00e9 zbo\u017e\u00ed doru\u010dujeme prost\u0159ednictv\u00edm: \u010cesk\u00e1 po\u0161ta, slu\u017eba\u00a0Bal\u00edk Do ruky\u00a0&#8211; Va\u0161i objedn\u00e1vku po\u0161ta p\u0159ed\u00e1 p\u0159\u00edmo do Va\u0161ich rukou. Tuto dopravu je mo\u017en\u00e9 vyu\u017e\u00edt jen v r\u00e1mci \u010cesk\u00e9 republiky. Z\u00e1silkovna.cz\u00a0&#8211;\u00a0Va\u0161i z\u00e1silku si m\u016f\u017eete vyzvednout \u00a0na partnersk\u00e9m m\u00edst\u011b Z\u00e1silkovny.cz v \u010cesk\u00e9 republice. V sou\u010dasn\u00e9 dob\u011b je mo\u017en\u00e9&#8230;<\/p>\n","protected":false},"author":1,"featured_media":0,"parent":0,"menu_order":0,"comment_status":"closed","ping_status":"closed","template":"","meta":{"footnotes":""},"class_list":["post-4084","page","type-page","status-publish","hentry"],"_links":{"self":[{"href":"https:\/\/specialcoffee.cz\/store\/wp-json\/wp\/v2\/pages\/4084","targetHints":{"allow":["GET"]}}],"collection":[{"href":"https:\/\/specialcoffee.cz\/store\/wp-json\/wp\/v2\/pages"}],"about":[{"href":"https:\/\/specialcoffee.cz\/store\/wp-json\/wp\/v2\/types\/page"}],"author":[{"embeddable":true,"href":"https:\/\/specialcoffee.cz\/store\/wp-json\/wp\/v2\/users\/1"}],"replies":[{"embeddable":true,"href":"https:\/\/specialcoffee.cz\/store\/wp-json\/wp\/v2\/comments?post=4084"}],"version-history":[{"count":52,"href":"https:\/\/specialcoffee.cz\/store\/wp-json\/wp\/v2\/pages\/4084\/revisions"}],"predecessor-version":[{"id":8056,"href":"https:\/\/specialcoffee.cz\/store\/wp-json\/wp\/v2\/pages\/4084\/revisions\/8056"}],"wp:attachment":[{"href":"https:\/\/specialcoffee.cz\/store\/wp-json\/wp\/v2\/media?parent=4084"}],"curies":[{"name":"wp","href":"https:\/\/api.w.org\/{rel}","templated":true}]}}